{"id":3768,"date":"2024-08-19T13:11:41","date_gmt":"2024-08-19T13:11:41","guid":{"rendered":"https:\/\/kurearipark.ee\/?page_id=3768"},"modified":"2024-09-17T00:21:17","modified_gmt":"2024-09-17T00:21:17","slug":"privaatsuspoliitika-ja-kupsiste-kasutamise-pohimotted","status":"publish","type":"page","link":"https:\/\/kurearipark.ee\/et\/privaatsuspoliitika-ja-kupsiste-kasutamise-pohimotted\/","title":{"rendered":"PRIVAATSUSPOLIITIKA JA K\u00dcPSISTE KASUTAMISE P\u00d5HIM\u00d5TTED"},"content":{"rendered":"<style>.kb-row-layout-id3768_6ec07a-0a > .kt-row-column-wrap{align-content:start;}:where(.kb-row-layout-id3768_6ec07a-0a > .kt-row-column-wrap) > .wp-block-kadence-column{justify-content:start;}.kb-row-layout-id3768_6ec07a-0a > .kt-row-column-wrap{column-gap:var(--global-kb-gap-md, 2rem);row-gap:var(--global-kb-gap-md, 2rem);max-width:var( --global-content-width, 1440px );padding-left:var(--global-content-edge-padding);padding-right:var(--global-content-edge-padding);padding-top:var(--global-kb-spacing-sm, 1.5rem);padding-bottom:var(--global-kb-spacing-sm, 1.5rem);grid-template-columns:minmax(0, 1fr);}.kb-row-layout-id3768_6ec07a-0a{background-color:#000000;}.kb-row-layout-id3768_6ec07a-0a > .kt-row-layout-overlay{opacity:0.30;}@media all and (max-width: 1024px){.kb-row-layout-id3768_6ec07a-0a > .kt-row-column-wrap{grid-template-columns:minmax(0, 1fr);}}@media all and (max-width: 767px){.kb-row-layout-id3768_6ec07a-0a > .kt-row-column-wrap{grid-template-columns:minmax(0, 1fr);}}<\/style><div class=\"kb-row-layout-wrap kb-row-layout-id3768_6ec07a-0a alignnone kt-row-has-bg wp-block-kadence-rowlayout\"><div class=\"kt-row-column-wrap kt-has-1-columns kt-row-layout-equal kt-tab-layout-inherit kt-mobile-layout-row kt-row-valign-top kb-theme-content-width\">\n<style>.kadence-column3768_35ca6f-6d > .kt-inside-inner-col,.kadence-column3768_35ca6f-6d > .kt-inside-inner-col:before{border-top-left-radius:0px;border-top-right-radius:0px;border-bottom-right-radius:0px;border-bottom-left-radius:0px;}.kadence-column3768_35ca6f-6d > .kt-inside-inner-col{column-gap:var(--global-kb-gap-sm, 1rem);}.kadence-column3768_35ca6f-6d > .kt-inside-inner-col{flex-direction:column;}.kadence-column3768_35ca6f-6d > .kt-inside-inner-col > .aligncenter{width:100%;}.kadence-column3768_35ca6f-6d > .kt-inside-inner-col:before{opacity:0.3;}.kadence-column3768_35ca6f-6d{position:relative;}@media all and (max-width: 1024px){.kadence-column3768_35ca6f-6d > .kt-inside-inner-col{flex-direction:column;justify-content:center;}}@media all and (max-width: 767px){.kadence-column3768_35ca6f-6d > .kt-inside-inner-col{flex-direction:column;justify-content:center;}}<\/style>\n<div class=\"wp-block-kadence-column kadence-column3768_35ca6f-6d\"><div class=\"kt-inside-inner-col\">\n<p class=\"has-theme-palette-9-color has-text-color has-link-color wp-elements-a2bb6fd62f0ed738151cfec142b83d75\">Allolevad p\u00f5him\u00f5tted selgitavad, kuidas kasutab ja kaitseb Osa\u00fching Favorte (edaspidi <strong>Favorte <\/strong>v\u00f5i <strong>meie<\/strong>) teie isikuandmeid, mis j\u00f5uavad meieni eelk\u00f5ige toodete ja teenuste reklaamimise, pakkumise ja m\u00fc\u00fcmise k\u00e4igus v\u00f5i muul viisil meiega lepingulistesse suhetesse astumisel, meile t\u00f6\u00f6le kandideerides v\u00f5i meie veebilehti (sh <a href=\"http:\/\/www.favorte.ee\/\">www.favorte.ee<\/a>) kasutades.<br><br>Seega kohalduvad allolevad tingimused teile mh juhul, kui olete meie klient (nt olete ostnud meie tooteid v\u00f5i teenuseid) v\u00f5i nn potentsiaalne klient (nt olete alustanud meiega l\u00e4bir\u00e4\u00e4kimisi lepingu s\u00f5lmimiseks v\u00f5i olete liitunud meie uudiskirja listiga v\u00f5i olete andnud muul viisil n\u00f5usoleku oma isikuandmete t\u00f6\u00f6tlemiseks turunduse eesm\u00e4rgil), olete meie koost\u00f6\u00f6partner v\u00f5i muul viisil meiega lepingulisse suhtesse astunud (nt olete s\u00f5lminud meiega m\u00fc\u00fcgi- v\u00f5i teenuse osutamise lepingu, k\u00e4sunduslepingu v\u00f5i m\u00f5ne muu lepingu), samuti juhul, kui olete k\u00fclastanud meie veebilehte v\u00f5i kandideerinud meile t\u00f6\u00f6le.<br><br>Favorte t\u00f6\u00f6tleb isikuandmeid vastutava t\u00f6\u00f6tlejana klientidele teenuste osutamiseks, sealhulgas kinnisvara m\u00fc\u00fcgi -ja \u00fc\u00fcripakkumiste tegemiseks, kinnisvara v\u00e4lja \u00fc\u00fcrimiseks, m\u00fc\u00fcgiks, broneerimislepingute, m\u00fc\u00fcgilepingute ja \u00fc\u00fcrilepingute s\u00f5lmimiseks ja t\u00e4itmiseks, haldusteenuste osutamiseks, ehitust\u00f6\u00f6de teostamiseks, hoonestusprojektide arenduseks ning muude sellega seotud teenuste osutamiseks. Volitatud t\u00f6\u00f6tlejana t\u00f6\u00f6tleb Favorte isikuandmeid kinnisvarab\u00fcroo klientidele kinnisvara m\u00fc\u00fcgi- ja \u00fc\u00fcripakkumiste esitamiseks.<br><br>T\u00f6\u00f6tleme isikuandmeid allolevate tingimuste kohaselt ning koosk\u00f5las kehtiva seadusandlusega, sh isikuandmete kaitse \u00fcldm\u00e4\u00e4rusega (GDPR). Mh j\u00e4rgime teie p\u00f5hi\u00f5igusi ning l\u00e4htume l\u00e4bipaistvuse ja seaduslikkuse p\u00f5him\u00f5tetest.<br><br><strong>1. Isikuandmete t\u00f6\u00f6tlemise \u00fcldised p\u00f5him\u00f5tted<\/strong><br><br><strong>Uudiskirjad ja muu turunduslik teave<\/strong><br><br>V\u00f5ime teie n\u00f5usolekul saata teile turunduslikul eesm\u00e4rgil erinevaid reklaam- ja infotekste, sh regulaarseid uudiskirju, reklaamteavitusi ja teavet kliendi\u00fcrituste kohta. Kasutame teie isikuandmeid nimetatud eesm\u00e4rgil seni, kuni avaldate soovi, et me teile teavet enam ei saadaks.<br>Nimetatud eesm\u00e4rgil t\u00f6\u00f6tleme teie isikuandmetest \u00fcldjuhul teie nime ja e-posti aadressi, harvem telefoninumbrit v\u00f5i postiaadressi \u2013 s\u00f5ltuvalt, millised isikuandmed olete meile avaldanud.<br><br>Samal \u00f5iguslikul alusel ja eesm\u00e4rgil v\u00f5ime edastada teie isikuandmeid ka oma koost\u00f6\u00f6partneritele, keda kasutame oma toodete ja teenuste (eelk\u00f5ige kinnisvaraprojektide) arendamisel, reklaamimisel ja m\u00fc\u00fcmisel (sh vastavatele kinnisvaraettev\u00f5tetele ja maaklerteenuse osutajatele).<br><br>Looside v\u00f5itjate nimed avaldame turunduslikul eesm\u00e4rgil ainult teie n\u00f5usolekul.<br><br><strong>Klientide ja potentsiaalsete klientide isikuandmed<\/strong><br><br>Klientide ja potentsiaalsete klientidega suhtlemise k\u00e4igus meile avaldatud isikuandmeid (sh nt nimi, isikukood, e-posti aadress, telefoninumber, postiaadress) t\u00f6\u00f6tleme eelk\u00f5ige kliendisuhete loomise ja hoidmise eesm\u00e4rgil. Meil on \u00f5igustatud huvi vastata p\u00e4ringutele, tagada klientide rahulolu ja pakkuda enda tooteid ja teenuseid. Lisaks t\u00f6\u00f6tleme selliseid andmeid oma lepinguliste kohustuste t\u00e4itmise ja \u00f5iguste kaitsmise eesm\u00e4rgil.<br><br>Eeltoodud eesm\u00e4rkidel v\u00f5ime t\u00f6\u00f6delda teie isikuandmeid mh juhul, kui olete oma isikuandmed meile avaldanud meie veebilehel oleva kontaktiv\u00f5tmise ankeedi kaudu v\u00f5i suheldes meiega e-kirja teel. Nt kui olete meilt k\u00fcsinud teavet konkreetse projekti kohta v\u00f5i hinnapakkumist \u2013 et saaksime teile k\u00fcsitud teavet, pakkumise jms saata ning lepinguliste l\u00e4bir\u00e4\u00e4kimiste korral s\u00f5lmitava lepingu ette valmistada, s\u00f5lmida, seda t\u00e4ita kui ka vajadusel oma \u00f5igusi kaitsta.<br><br>N\u00e4iteks broneerimislepingute ja m\u00fc\u00fcgilepingute puhul t\u00f6\u00f6tleme teie nime, isikukoodi, e-posti aadressi, telefoninumbrit, arveldusarve numbrit, vajadusel finants- jm teavet, mis on lepingu ettevalmistamiseks, s\u00f5lmimiseks ja t\u00e4itmiseks (ja ka \u00f5iguste kaitsmiseks) vajalik. Kuni lepingu s\u00f5lmimiseni t\u00f6\u00f6tleme vastavat teavet lepingu s\u00f5lmimise (kliendisuhte loomise) ja \u00f5iguste kaitsmise eesm\u00e4rgil, alates lepingu s\u00f5lmimisest lepingu t\u00e4itmise ja \u00f5iguste kaitsmise eesm\u00e4rgil. T\u00f6\u00f6tleme isikuandmeid seni, kuni see on eeltoodud eesm\u00e4rkidel vajalik.<br><br>Samal \u00f5iguslikul alusel ja eesm\u00e4rgil v\u00f5ime edastada teie isikuandmeid ka oma koost\u00f6\u00f6partneritele, keda kasutame lepingute l\u00e4bir\u00e4\u00e4kimistel, ettevalmistamisel, s\u00f5lmimisel, t\u00e4itmisel ja \u00f5iguste kaitsmisel (nt maaklerteenuse osutajatele, notaritele, \u00f5igusteenuse osutajatele jt).<br><br><strong>Koost\u00f6\u00f6partnerite isikuandmed<\/strong><br><br>T\u00f6\u00f6tleme oma koost\u00f6\u00f6partnerite, nende t\u00f6\u00f6tajate ja esindajate isikuandmeid, sh nt lepingupartneri, tema t\u00f6\u00f6taja v\u00f5i esindaja nimi, ametikoht, e-posti aadress, telefoninumber, s\u00fcnnikuup\u00e4ev v\u00f5i isikukood jms, mis on vajalikud lepingu t\u00e4itmise eesm\u00e4rgil, vajadusel ka \u00f5iguste kaitsmiseks.<br>Samadel eesm\u00e4rkidel v\u00f5ime edastada isikuandmeid ka oma nendele teistele koost\u00f6\u00f6partneritele, keda kasutame lepingu t\u00e4itmisel ja vajadusel \u00f5iguste kaitsmisel (nt ehitusettev\u00f5tjatele, \u00f5igusteenuse osutajatele jt).<br><br><strong>T\u00f6\u00f6le kandideerijate isikuandmed<\/strong><br><br>Meile t\u00f6\u00f6le kandideerides t\u00f6\u00f6tleme kandidaatide isikuandmeid, mis on vajalikud t\u00f6\u00f6le kandideerimise konkursi l\u00e4biviimiseks, ametikohale sobivuse v\u00e4ljaselgitamise eesm\u00e4rgil ning ka meie poolt v\u00e4ljavalitud kandidaatidega s\u00f5lmitavate lepingute ettevalmistamiseks ning l\u00e4bir\u00e4\u00e4kimiste pidamiseks.<br><br>Sellisteks andmeteks v\u00f5ivad mh olla nimi, s\u00fcnnikuup\u00e4ev v\u00f5i isikukood, postiaadress, e-posti aadress, telefoninumber, informatsioon t\u00f6\u00f6kogemuse kohta (t\u00f6\u00f6koht, t\u00f6\u00f6tamise periood, ametikoht, vastutusala, saavutused jms), teave hariduse kohta (\u00f5ppeasutus, \u00f5ppimisperiood, omandatud haridus v\u00f5i kvalifikatsioon jms), teave koolituste, diplomite, sertifikaatide olemasolust v\u00f5i omandamisest, teave keeleoskuse ja -tasemete kohta, teave muude oskuste (nt s\u00f5idukijuhtimine v\u00f5i muu kompetentsi) kohta, samuti muu teave, mille kandidaat esitab elulookirjelduses (CV-s), motivatsioonikirjas (kui see esitatakse) v\u00f5i teistes kandideerimisdokumentides. Samuti teave t\u00f6\u00f6le kandideerija soovitud ametikohast, t\u00f6\u00f6tasust, t\u00f6\u00f6le kandideerija soovitajatest ja soovituste sisust, asjakohasel juhul t\u00f6\u00f6le kandideerijaga l\u00e4bi viidud vestluse sisust ja seal avaldatud andmetest ja mis tahes muudest andmetest, mille t\u00f6\u00f6le kandideerija meile avaldab.<br><br>T\u00f6\u00f6le kandideerijate isikuandmete t\u00f6\u00f6tlemise \u00f5iguslikuks aluseks on meie \u00f5igustatud huvi ja\/v\u00f5i teie n\u00f5usolek. V\u00e4ljavalitud kandidaadi korral ka pooltevahelise lepingu ettevalmistamise ja l\u00e4bir\u00e4\u00e4kimiste pidamise vajadus.<br><br><strong>Videovalve<\/strong><br><br>Meie omandisse kuuluvatel ja\/v\u00f5i hallatavatel kinnistutel ja territooriumitel v\u00f5idakse kasutada videovalvet. Videovalve kasutamisest annab teile m\u00e4rku sissek\u00e4igu juurde paigaldatud teavitussilt. Nimetatud sildilt n\u00e4htuvad ka t\u00e4psemad (konkreetset videovalvet puudutavad) asjaolud.<br><br>V\u00f5ime kasutada videovalvet mh nii meie poolt v\u00e4lja \u00fc\u00fcritavatel kinnistutel (sh hoonetel ja aladel) kui ka m\u00fc\u00fcdavate kinnisasjade juures \u00f5igustatud huvist l\u00e4htuvalt. Eelk\u00f5ige turvalisuse t\u00f5stmise ning vara jm \u00f5iguste kaitse eesm\u00e4rgil. Kui videosalvestist on vaja esitada v\u00f5i edastada \u00f5iguskaitseasutustele, on sellise n\u00f5ude t\u00e4itmise \u00f5iguslikuks aluseks juriidilise kohustuse t\u00e4itmine.<br><br>Videovalve on \u00fcldjuhul statsionaarne, digitaalne, helisalvestamisega ja suurendamisv\u00f5imalusega. Videosalvestised on j\u00e4relvaadatavad. Videovalve on \u00f6\u00f6p\u00e4evaringne.<br>Juurdep\u00e4\u00e4s videosalvestistele ja j\u00e4lgimiss\u00fcsteemile on vaid piiratud \u00f5igustatud isikute ringil ning vastav juurdep\u00e4\u00e4s on samuti nii tehniliselt kui f\u00fc\u00fcsiliselt piiratud\/takistatud.<br><br><strong>2. K\u00fcpsiste kasutamise \u00fcldised p\u00f5him\u00f5tted<\/strong><br><br>Favorte veebileht <a href=\"http:\/\/www.favorte.ee\/\">www.favorte.ee<\/a> ja ka Favorte kinnisvaraarendusprojektidele eraldi loodud veebilehed kasutavad k\u00fcpsiseid (tuntud ka kui HTTP-k\u00fcpsis, inglise keeles <em>cookie<\/em>, <em>HTTP cookie<\/em>).<br><br><strong>K\u00fcpsis<\/strong> on v\u00e4ikesemahuline tekstifail, mille saadab veebiserver teie veebilehitsejale ja mis salvestatakse arvuti k\u00f5vakettale. K\u00fcpsis j\u00e4tab meelde teie tegevused ja eelistused ning v\u00f5imaldab teile pakkuda meie veebilehe lehitsemisel parimat kasutajakogemust.<br><br><strong>Nimetatud veebilehtedel on kasutusel j\u00e4rgmised k\u00fcpsised<\/strong><br><br><strong>Ajutised<\/strong> ehk <strong>seansi<\/strong> k\u00fcpsised salvestatakse k\u00fclastaja arvutisse ajutiselt, veebilehe kasutamise ajaks, ning arvuti kustutab need p\u00e4rast veebilehitseja sulgemist. Need k\u00fcpsised on vajalikud veebilehe toimivuse ja funktsionaalsuse tagamiseks, samuti kasutatakse neid k\u00fcpsiseid n\u00e4iteks v\u00f5rgulehe keelevaliku meeldej\u00e4tmiseks. Veebilehe toimivuse tagamiseks vajalike sessioonk\u00fcpsiste kasutamisest ei ole v\u00f5imalik veebilehe k\u00fclastajal keelduda.<br><br><strong>P\u00fcsik\u00fcpsised<\/strong> salvestuvad kasutaja arvutisse p\u00e4rast veebilehitseja sulgemist. P\u00fcsik\u00fcpsistest kasutatakse esimese osapoole k\u00fcpsiseid ja kolmandate osapoolte k\u00fcpsiseid.<br><strong>Autori ehk esimese osapoole k\u00fcpsiseid <\/strong>kasutame selleks, et v\u00f5rguleht saaks nende abil salvestada teavet, mida taaskasutatakse j\u00e4rgmisel korral, kui lehte k\u00fclastatakse. Esimese osapoole k\u00fcpsiseid s\u00e4ilitatakse kuni 24 kuud.<br><br><strong>Kolmandate osapoolte k\u00fcpsiseid <\/strong>kasutame reklaami ja turunduse eesm\u00e4rgil ning need on loonud erinevad teenusepakkujad, kes aitavad meil oma veebiteenuseid t\u00e4iustada (nt Google, Facebook jt). Nende k\u00fcpsiste eesm\u00e4rk on saata turunduslikul eesm\u00e4rgil veebilehe k\u00fclastajatele k\u00e4itumisp\u00f5hist reklaami.<br><br><strong>Kolmanda osapoole k\u00fcpsistest <\/strong>kasutame ka erinevate teenusepakkujate (nt Google Analytics jt) statistikak\u00fcpsiseid selleks, et m\u00f5ista veebilehe kasutajate k\u00e4itumist, sh kust kasutajad meie veebilehele j\u00f5uavad, millisel alamlehel k\u00f5ige enam k\u00e4iakse, palju kasutajaid veebilehel teatud ajaperioodil kokku oli, millisel kellaajal k\u00e4iakse veebilehel k\u00f5ige enam jne. Statistikak\u00fcpsiste abil\u00a0 saame m\u00f5\u00f5ta, hinnata ja parandada meie veebilehtede toimivust.<br><br>Kolmandate osapoolte k\u00fcpsiseid s\u00e4ilitatakse tavaliselt p\u00e4rast kasutaja poolset n\u00f5usoleku andmist kasutaja seadmes vahemikus m\u00f5ni kuu kuni m\u00f5ni aasta \u2013 kuni\u00a0 kolmandast osapoolest teenusepakkuja poolt ette n\u00e4htud t\u00e4htajani.<br><br>K\u00fcpsiste abil kogutavaid andmeid kasutame \u00fcksnes organisatsiooni siseselt, kolmandatel isikutel puudub v\u00f5imalus kogutud andmetele juurde p\u00e4\u00e4seda.<br><strong>K\u00fcpsiste kasutamise keelamine.<\/strong> Veebilehe kasutaja saab ise veebilehte k\u00fclastades otsustada, kas ja millises mahus ta lubab k\u00fcpsiste kasutamist. Lehe toimimiseks vajalikest k\u00fcpsistest loobuda v\u00f5imalik ei ole. Veebilehe kasutajal on t\u00e4iendavalt v\u00f5imalik muuta veebilehitseja seadeid v\u00f5i kustutada k\u00fcpsised oma veebilehitseja seadetes.<br>Lisateavet selle kohta, kuidas seadistada (sh keelata\/kustutada) k\u00fcpsiseid puudutavaid eelistusi k\u00f5ige populaarsemates veebilehitsejates, leiab siit:<br><br><a href=\"https:\/\/support.google.com\/chrome\/answer\/95647\">Google Chrome<\/a><br><a href=\"https:\/\/support.mozilla.org\/en-US\/kb\/clear-cookies-and-site-data-firefox?redirectslug=delete-cookies-remove-info-websites-stored&amp;redirectlocale=en-US\">Firefox<\/a><br><a href=\"https:\/\/support.microsoft.com\/en-us\/topic\/delete-and-manage-cookies-168dab11-0753-043d-7c16-ede5947fc64d\">Internet Explorer<\/a><br><br>Vajalike seadistuste tegemiseks saab muuta kasutatava seadme veebilehitseja seadeid.<br><br><strong>3. Isikuandmete s\u00e4ilitamise t\u00e4htajad<\/strong><br><br>Lepinguliste suhete puhul t\u00f6\u00f6tleme (sh s\u00e4ilitame) isikuandmeid seni, kuni see on vajalik lepingust tulenevate \u00f5iguste ja kohustuste t\u00e4itmiseks ja \u00f5iguste kaitsmiseks. Kasutame m\u00f5istlikult meetmeid, et tagada vajadusel aegunud isikuandmete uuendamine ning selliste isikuandmete kustutamine, mis ei ole enam vajalikud.<br><br>Kui isikuandmed on teie n\u00f5udmisel kustutatud v\u00f5i olete andmete t\u00f6\u00f6tlemiseks n\u00f5usoleku tagasi v\u00f5tnud, s\u00e4ilitame \u00fcksnes sellised andmeid ja sellises mahus, mis on vajalikud, et t\u00e4ita meil lasuvaid kohustusi, kaitsta meie v\u00f5i kolmandate isikute \u00f5igustatud huve ja \u00f5igusi, t\u00e4ita avaliku v\u00f5imu v\u00f5i \u00f5iguskaitseorganite korraldusi, lahendada \u00f5igusvaidlusi jms.<br><br>Nende t\u00f6\u00f6le kandideerijate isikuandmeid, kellega t\u00f6\u00f6lepingu s\u00f5lmimiseni ei j\u00f5uta, t\u00f6\u00f6tleme (sh s\u00e4ilitame) seni, kuni see on vajalik kandideerimisprotsessi l\u00f5puleviimiseks (\u00fcldjuhul kuni v\u00e4ljavalitud isikutega lepingute s\u00f5lmimiseni ja \u00fclej\u00e4\u00e4nud kandideerijate teavitamiseni). Sellise t\u00f6\u00f6le kandideerija n\u00f5usolekul t\u00f6\u00f6tleme (sh s\u00e4ilitame) tema isikuandmed t\u00e4iendavalt veel kuni 1 aasta alates andmete saamisest (nt kui ta on n\u00f5us, et temaga v\u00f5etakse tulevikus sobiva koha vabanemisel \u00fchendust vms).<br><br>Videosalvestisi s\u00e4ilitatakse \u00fcldjuhul 6 kuud, kuid v\u00f5ime sellest teha erandeid s\u00f5ltuvalt tehnilistest lahendustest\/v\u00f5imekusest kui ka juriidiliste kohustuste t\u00e4itmise vajadusest tulenevalt v\u00f5i \u00f5igusrikkumise menetlemise v\u00f5i \u00f5iguste kaitse vajadusest tulenevalt.<br><br><strong>4. Millistele kolmandatele isikutele me teie isikuandmeid edastame?<\/strong><br><br>V\u00e4ljaspool meie \u00fchingut on teie isikuandmetele ligip\u00e4\u00e4s kolmandatel isikutel vaid piiratud juhtudel.<br><br><strong>Isikuandmete edastamine t\u00fctar\u00fchingutele<\/strong><br><br>\u00d5igustatud huvist tulenevalt v\u00f5ime jagada isikuandmeid meie erinevate kinnisvaraobjektide arendamiseks asutatud t\u00fctar\u00fchingutele (mis k\u00f5ik asuvad Euroopa Liidus), v\u00f5imaldamaks toodete ja teenuste pakkumist. Piiratud ulatuses jagame kontsernisiseselt teavet ka juhul, kui seda on vaja juhtimisotsuste tegemisel v\u00f5i kontserni\u00fcleste andmes\u00fcsteemide kasutamisel.<br><br><strong>Isikuandmete edastamine meile teenuseid pakkuvatele isikutele<\/strong><br><br>Tellime kolmandatelt isikutelt teenuseid, sh nt raamatupidamis-, IT-, videovalve s\u00fcsteemi haldus, \u00f5igusteenus, majandustarkvara teenused jne. See loetelu on ajas t\u00e4ienev ja muutuv, sest v\u00f5ime aeg-ajalt tellida teenuseid ka uutes valdkondades kui ka vahetada teenuste osutajaid v\u00f5i tellida teenuseid rohkematelt koost\u00f6\u00f6partneritelt jne. Teatud juhtudel edastame sellistele koost\u00f6\u00f6partneritele isikuandmeid, v\u00f5imaldamaks neil tellitud teenust osutada.<br><br>Hoolitseme selle eest, et eelnimetatud koost\u00f6\u00f6partnerid j\u00e4rgiksid samuti teie \u00f5igust andmekaitsele. \u00dcldjuhul oleme selle reguleerinud lepinguliste kohustuste kaudu, teatud juhtudel tuleneb teenuse osutajatele konfidentsiaalsuse kohustus ka \u00f5igusaktidest (nt audiitorid, advokaadid jt).<br><br><strong>Avaliku v\u00f5imu organid ja \u00f5iguskaitseasutused<\/strong><br><br>Edastame teie isikuandmeid avaliku v\u00f5imu organitele (sh nt Maksu-ja Tolliamet) ja \u00f5iguskaitseasutustele juhul, kui meil on selleks seadusest tulenev kohustus.<br><br><strong>5. Andmete t\u00f6\u00f6tlemise koht<\/strong><br><br>Teie andmete t\u00f6\u00f6tlemise koht on Euroopa Liidus. Me ei t\u00f6\u00f6tle (sh ei s\u00e4ilita ega edasta) teie isikuandmeid v\u00e4ljaspoole Euroopa Liitu ega riikidesse, mille kohta ei ole varem kehtinud direktiivi 95\/46\/E\u00dc artikli 25 l\u00f5ike 6 v\u00f5i selle j\u00e4rglasdokumendiks oleva GDPR artikli 45 l\u00f5ike 1 alusel komisjon teinud otsust kaitse piisavuse kohta.<br><br><strong>6. Teie \u00f5igused isikuandmete t\u00f6\u00f6tlemisega seoses<\/strong><br><br><strong>\u00d5igus n\u00f5usolek tagasi v\u00f5tta<\/strong><br><br>Kui olete meile andnud n\u00f5usoleku oma isikuandmete t\u00f6\u00f6tlemiseks, on Teil \u00f5igus oma n\u00f5usolek igal ajal tagasi v\u00f5tta, kirjutades meile kontaktil <a href=\"mailto:favorte@favorte.ee\">favorte@favorte.ee<\/a>. N\u00f5usoleku tagasiv\u00f5tmine ei m\u00f5juta enne tagasiv\u00f5tmist n\u00f5usoleku alusel toimunud t\u00f6\u00f6tlemise seaduslikkust. Samuti ei avalda see m\u00f5ju andmete t\u00f6\u00f6tlemisele, mille t\u00f6\u00f6tlemiseks on meil mingi muu \u00f5iguslik alus (nt kui t\u00f6\u00f6tleme teie isikuandmeid teiega s\u00f5lmitud lepingu t\u00e4itmiseks).<br><br><strong>\u00d5igus saada teavet<\/strong><br><br>Teil on \u00f5igus saada teavet, kas ja millist liiki teie isikuandmeid me t\u00f6\u00f6tleme, samuti mis eesm\u00e4rgil me andmeid t\u00f6\u00f6tleme. Teil on \u00f5igus taotleda v\u00f5imalust tutvumaks teie isikuandmetega.<br>Kui soovite saada vastavat teavet v\u00f5i tutvuda teie kohta kogutud isikuandmetega andmetega, palume p\u00f6\u00f6rduda meie poole kontaktil <a href=\"mailto:favorte@favorte.ee\">favorte@favorte.ee<\/a>.<br><br><strong>\u00d5igus andmete parandamisele<\/strong><br><br>Teil on \u00f5igus n\u00f5uda teid puudutavate eba\u00f5igete v\u00f5i mittet\u00e4ielike isikuandmete parandamist. Vastava n\u00f5ude saate esitada kontaktil <a href=\"mailto:favorte@favorte.ee\">favorte@favorte.ee<\/a>.<br><br><strong>\u00d5igus andmete kustutamisele<\/strong><br><br>Teil on \u00f5igus n\u00f5uda teid puudutavate isikuandmete kustutamist, kui isikuandmed ei ole enam vajalikud eesm\u00e4rkidel, mille jaoks need koguti v\u00f5i neid muul viisil t\u00f6\u00f6deldi, kui olete t\u00f6\u00f6tlemisele antud n\u00f5usoleku tagasi v\u00f5tnud v\u00f5i kui teie isikuandmete t\u00f6\u00f6tlemine muul viisil ei vasta kehtivatest \u00f5igusaktidest tulenevatele n\u00f5uetele. Vastava n\u00f5ude saate esitada juhul, kui meil puudub \u00f5iguslik alus teie vastavate isikuandmete t\u00f6\u00f6tlemiseks.<br><br><strong>\u00d5igus t\u00f6\u00f6tlemise piiramisele<\/strong><br><br>Teatud juhtudel on teil on \u00f5igus n\u00f5uda oma isikuandmete kasutamise piiramist. Sellise n\u00f5ude saate esitada juhul, kui on vajalik selgitada v\u00e4lja n\u00e4iteks kasutuse seaduslikkus v\u00f5i andmete t\u00e4psus.<br><br><strong>\u00d5igus andmete \u00fclekandmisele<\/strong><br><br>Teil on \u00f5igus saada vastutavalt t\u00f6\u00f6tlejalt koopia teid puudutavatest isikuandmetest, edastada need andmed teisele vastutavale t\u00f6\u00f6tlejale v\u00f5i n\u00f5uda vastutavalt t\u00f6\u00f6tlejalt andmete otse \u00fclekandmist teise vastutava t\u00f6\u00f6tleja juurde, kui see on tehniliselt teostatav. Sellise n\u00f5ude saate esitada juhul, kui vastavad andmed on struktureeritud, \u00fcldkasutatavas vormingus ning masinloetaval kujul, samuti peab t\u00f6\u00f6tlemine olema automatiseeritud ning p\u00f5hinema teie n\u00f5usolekul v\u00f5i lepingul.<br><br><strong>\u00d5igus esitada vastuv\u00e4iteid<\/strong><br>Teil on \u00f5igus esitada m\u00f5juva p\u00f5hjuse olemasolul vastuv\u00e4iteid oma andmete kasutamiseks avalikes huvides oleva \u00fclesande t\u00e4itmisel v\u00f5i ettev\u00f5tja \u00f5igustatud huvi alusel t\u00f6\u00f6tlemisel. Vastuv\u00e4idete esitamine otseturundusele v\u00f5i profileerimisele on teie absoluutne \u00f5igus ning sellisel juhul tuleb andmete t\u00f6\u00f6tlemine l\u00f5petada.<br><br><strong>7. Kontaktandmed<\/strong><br>Teie isikuandmete vastutav t\u00f6\u00f6tleja on Osa\u00fching Favorte, registrikood 10040012.<br>Kui teil on eeltoodud tingimustega seoses k\u00fcsimusi, taotlusi v\u00f5i kaebusi, palume meiega \u00fchendust v\u00f5tta meiliaadressil <a href=\"mailto:favorte@favorte.ee\">favorte@favorte.ee<\/a>.<br>Kui leiate, et teie isikuandmete t\u00f6\u00f6tlemine ei ole koosk\u00f5las isikuandmete kaitse \u00fcldm\u00e4\u00e4ruse n\u00f5uetega, on teil \u00f5igus p\u00f6\u00f6rduda oma \u00f5iguste ja huvide kaitsmiseks ka Andmekaitse Inspektsiooni v\u00f5i kohtu poole. Kinnitame aga \u00fcle, et esmalt ootame teie p\u00f6\u00f6rdumist meie poole.<br><br><strong>8. V\u00f5imalikud muudatused<\/strong><br>J\u00e4tame endale \u00f5iguse k\u00f5igi eeltoodud tingimuste (sh nii isikuandmetega kui ka k\u00fcpsiste kasutamisega seoses) muutmiseks ja uuendamiseks, ilma sellest ette teatamata, et kindlustada tingimuste vastavus meie tegelikele vajadustele ja eelistustele ning nende vastavus \u00f5igusaktidele ja kehtivatele tavadele.<\/p>\n<\/div><\/div>\n\n<\/div><\/div>","protected":false},"excerpt":{"rendered":"<p>Allolevad p\u00f5him\u00f5tted selgitavad, kuidas kasutab ja kaitseb Osa\u00fching Favorte (edaspidi Favorte v\u00f5i meie) teie isikuandmeid, mis j\u00f5uavad meieni eelk\u00f5ige toodete ja teenuste reklaamimise, pakkumise ja m\u00fc\u00fcmise k\u00e4igus v\u00f5i muul viisil meiega lepingulistesse suhetesse astumisel, meile t\u00f6\u00f6le kandideerides v\u00f5i meie veebilehti (sh www.favorte.ee) kasutades. Seega kohalduvad allolevad tingimused teile mh juhul, kui olete meie klient (nt&#8230;<\/p>","protected":false},"author":1,"featured_media":0,"parent":0,"menu_order":0,"comment_status":"closed","ping_status":"closed","template":"","meta":{"_acf_changed":false,"_kadence_starter_templates_imported_post":false,"_kad_post_transparent":"","_kad_post_title":"","_kad_post_layout":"","_kad_post_sidebar_id":"","_kad_post_content_style":"","_kad_post_vertical_padding":"","_kad_post_feature":"","_kad_post_feature_position":"","_kad_post_header":false,"_kad_post_footer":false,"footnotes":""},"class_list":["post-3768","page","type-page","status-publish","hentry"],"acf":[],"_links":{"self":[{"href":"https:\/\/kurearipark.ee\/et\/wp-json\/wp\/v2\/pages\/3768","targetHints":{"allow":["GET"]}}],"collection":[{"href":"https:\/\/kurearipark.ee\/et\/wp-json\/wp\/v2\/pages"}],"about":[{"href":"https:\/\/kurearipark.ee\/et\/wp-json\/wp\/v2\/types\/page"}],"author":[{"embeddable":true,"href":"https:\/\/kurearipark.ee\/et\/wp-json\/wp\/v2\/users\/1"}],"replies":[{"embeddable":true,"href":"https:\/\/kurearipark.ee\/et\/wp-json\/wp\/v2\/comments?post=3768"}],"version-history":[{"count":5,"href":"https:\/\/kurearipark.ee\/et\/wp-json\/wp\/v2\/pages\/3768\/revisions"}],"predecessor-version":[{"id":4933,"href":"https:\/\/kurearipark.ee\/et\/wp-json\/wp\/v2\/pages\/3768\/revisions\/4933"}],"wp:attachment":[{"href":"https:\/\/kurearipark.ee\/et\/wp-json\/wp\/v2\/media?parent=3768"}],"curies":[{"name":"wp","href":"https:\/\/api.w.org\/{rel}","templated":true}]}}